{"id":1593,"date":"2024-04-19T14:23:20","date_gmt":"2024-04-19T12:23:20","guid":{"rendered":"https:\/\/hemme.es\/accesibilidad\/"},"modified":"2025-01-30T12:34:23","modified_gmt":"2025-01-30T11:34:23","slug":"zugaenglichkeit","status":"publish","type":"page","link":"https:\/\/hemme.es\/de\/zugaenglichkeit\/","title":{"rendered":"Zug\u00e4nglichkeit"},"content":{"rendered":"<p><strong>Erkl\u00e4rung zur Barrierefreiheit<\/strong><\/p>\n<p>Hemme Construcciones SL hat sich verpflichtet, seine Websites gem\u00e4\u00df dem K\u00f6niglichen Dekret 1112\/2018 vom 7. September \u00fcber den barrierefreien Zugang zu Websites und Anwendungen f\u00fcr mobile Ger\u00e4te im \u00f6ffentlichen Sektor oder mit \u00f6ffentlichen Zusch\u00fcssen barrierefrei zu gestalten.<\/p>\n<p>&nbsp;<\/p>\n<p><strong>COMPLIANCE SITUATION<\/strong><\/p>\n<p>Diese Website entspricht <strong>teilweise<\/strong> der <a href=\"https:\/\/www.boe.es\/diario_boe\/txt.php?id=BOE-A-2018-12699\" target=\"_blank\" rel=\"noopener\"><strong>Verordnung RD 1112\/2018<\/strong><\/a> aufgrund von Ausnahmen und Nichteinhaltung der unten aufgef\u00fchrten Aspekte.<\/p>\n<p>&nbsp;<\/p>\n<p><strong>Nicht barrierefreie Inhalte<\/strong><\/p>\n<p>Auf die folgenden Inhalte kann aus folgenden Gr\u00fcnden nicht zugegriffen werden:<\/p>\n<ul>\n<li><strong>Mangelnde Einhaltung von RD 1112\/2018:<\/strong>\n<ul>\n<li>Es gibt Textinhalte ohne ausreichenden Kontrast<\/li>\n<li>Es ist zu beobachten, dass der Fokus in einigen F\u00e4llen nicht dem erforderlichen Mindestkontrastverh\u00e4ltnis entspricht<\/li>\n<li>In einigen F\u00e4llen kann es zu inhaltlichen \u00dcberschneidungen kommen<\/li>\n<li>Es kann sein, dass nicht alle Navigationsvorg\u00e4nge mit einer Tastatur zug\u00e4nglich sind<\/li>\n<li>Der Fokus wird bei Verwendung der Tastaturnavigation nicht hervorgehoben<\/li>\n<li>Es gibt keine Tastenkombinationen<\/li>\n<\/ul>\n<\/li>\n<\/ul>\n<p>&nbsp;<\/p>\n<p><strong>Erstellung dieser Erkl\u00e4rung zur Barrierefreiheit<\/strong><\/p>\n<p>Diese Erkl\u00e4rung wurde am 30. Januar 2025 erstellt.<\/p>\n<p>Die Methode, die f\u00fcr diese Aussage verwendet wurde, war eine Selbstbewertung, die von Innobing Consulting S.L. durchgef\u00fchrt wurde.<\/p>\n<p>&nbsp;<\/p>\n<p><strong>Bemerkungen und Kontaktdaten<\/strong><\/p>\n<p>Sie k\u00f6nnen Mitteilungen \u00fcber Barrierefreiheitsanforderungen (Artikel 10.2.a des RD 1112\/2018) machen, wie z. B.:<\/p>\n<ul>\n<li><strong>Melden Sie m\u00f6gliche Verst\u00f6\u00dfe durch diese Website<\/strong><\/li>\n<li><strong>Vermitteln Sie andere Schwierigkeiten beim Zugriff auf Inhalte<\/strong><\/li>\n<li><strong>Um weitere Fragen oder Verbesserungsvorschl\u00e4ge bez\u00fcglich der Barrierefreiheit der Website zu machen<\/strong><\/li>\n<\/ul>\n<p>Hierf\u00fcr k\u00f6nnen Sie eine E-Mail an <strong>thorsten<\/strong>@hemme.es senden.<\/p>\n<p>Die Mitteilungen werden von Hemme Construcciones SL entgegengenommen und verarbeitet<\/p>\n<p>&nbsp;<\/p>\n<p><strong>Anfragen nach zug\u00e4nglichen Informationen und Beschwerden<\/strong><\/p>\n<p>\u00dcber <strong>thorsten<\/strong>@hemme.es k\u00f6nnen Sie einreichen:<\/p>\n<ul>\n<li><strong>Beschwerde \u00fcber die Einhaltung der Anforderungen des RD 1112\/2018 oder<\/strong><\/li>\n<\/ul>\n<p>Im Antrag auf zug\u00e4ngliche Informationen m\u00fcssen die Fakten, Gr\u00fcnde und der Antrag klar angegeben werden, um zu \u00fcberpr\u00fcfen, ob es sich um einen angemessenen und legitimen Antrag handelt.<\/p>\n<p>&nbsp;<\/p>\n<p><strong>Anmeldeverfahren<\/strong><\/p>\n<p>Wenn ein Antrag auf zug\u00e4ngliche Informationen oder eine Beschwerde, nachdem er gestellt wurde, abgelehnt wurde, die getroffene Entscheidung nicht einverstanden ist oder die Antwort nicht den in Artikel 12.5 des RD 1112\/2018 festgelegten Anforderungen entspricht, kann der Betroffene eine Beschwerde einleiten. Eine Beschwerde kann auch dann eingeleitet werden, wenn keine Antwort eingegangen ist.<\/p>\n<p>Die Klage kann \u00fcber die generische Instanz des elektronischen B\u00fcros des Ministeriums f\u00fcr Wirtschaft und digitale Transformation sowie \u00fcber die \u00fcbrigen Optionen eingereicht werden, die im Gesetz 39\/2015 vom 1. Oktober \u00fcber das gemeinsame Verwaltungsverfahren der \u00f6ffentlichen Verwaltungen enthalten sind. \u00a0Beschwerden werden von der Unterabteilung des Ministeriums f\u00fcr die Inspektion der Dienstleistungen entgegengenommen und bearbeitet.<\/p>\n<p>&nbsp;<\/p>\n<p><strong>Optionaler Inhalt<\/strong><\/p>\n<p>Die Webseite:<\/p>\n<ul>\n<li><strong>Es wurde so konzipiert, dass es sich an die aktuellen Standards und Vorschriften in Bezug auf die Barrierefreiheit anpasst und die Kontrollpunkte der Priorit\u00e4t 2 (AA) erf\u00fcllt, die in der Spezifikation Web Content Accessibility Guidelines (WCAG 2.1) definiert sind.<\/strong><\/li>\n<li><strong>Es ist optimiert f\u00fcr die neuesten Versionen von Chrome, Edge, Firefox, Safari und Opera.<\/strong><\/li>\n<li><strong>Es ist f\u00fcr die korrekte Anzeige auf jeder Aufl\u00f6sung und jedem Desktop, Tablet oder Mobilger\u00e4t (<em>Responsive Design<\/em>) konzipiert.<\/strong><\/li>\n<\/ul>\n<p>Dar\u00fcber hinaus wird kontinuierlich daran gearbeitet, Inhalte zu pr\u00fcfen und zu \u00fcberpr\u00fcfen, um ihre Interpretation zu erleichtern und die Navigation durch das Webportal zu verbessern.<\/p>\n<p><strong>Dieses Portal ist so konzipiert, dass es in der Lage ist, die Gr\u00f6\u00dfe des Textes und der Farbe sowie den Hintergrund der Seite mit den Standardkonfigurationsoptionen von Browsern zu \u00e4ndern.<\/strong><\/p>\n<p><strong>Wenn Sie die Schriftgr\u00f6\u00dfe des Textes in den Hauptgrafikbrowsern \u00e4ndern m\u00f6chten, verwenden Sie die folgenden Men\u00fcs:<\/strong><\/p>\n<ul>\n<li>Internet Explorer, Mozilla und Firefox: Siehe &gt; Textgr\u00f6\u00dfe<\/li>\n<li>Opera: Ver &gt; Zoom<\/li>\n<li>Safari: Siehe &gt; Text vergr\u00f6\u00dfern<\/li>\n<li>Chrome: Steuern Sie die aktuelle Seite &gt; Textgr\u00f6\u00dfe<\/li>\n<li>So \u00e4ndern Sie die Gr\u00f6\u00dfe aller Elemente auf der Seite:\n<ul>\n<li>Strg + +, um es zu erh\u00f6hen<\/li>\n<li>Strg + \u2013 um es zu verringern<\/li>\n<li>Strg + 0 stellt die urspr\u00fcngliche Gr\u00f6\u00dfe des Textes wieder her<\/li>\n<\/ul>\n<\/li>\n<\/ul>\n","protected":false},"excerpt":{"rendered":"<p>Erkl\u00e4rung zur Barrierefreiheit Hemme Construcciones SL hat sich verpflichtet, seine Websites gem\u00e4\u00df dem K\u00f6niglichen Dekret 1112\/2018 vom 7. September \u00fcber den barrierefreien Zugang zu Websites und Anwendungen f\u00fcr mobile Ger\u00e4te im \u00f6ffentlichen Sektor oder mit \u00f6ffentlichen Zusch\u00fcssen barrierefrei zu gestalten. &nbsp; COMPLIANCE SITUATION Diese Website entspricht teilweise der Verordnung RD 1112\/2018 aufgrund von Ausnahmen und [&hellip;]<\/p>\n","protected":false},"author":1,"featured_media":0,"parent":0,"menu_order":0,"comment_status":"closed","ping_status":"closed","template":"","meta":{"_acf_changed":false,"_et_pb_use_builder":"","_et_pb_old_content":"","_et_gb_content_width":"","footnotes":""},"class_list":["post-1593","page","type-page","status-publish","hentry"],"acf":[],"_links":{"self":[{"href":"https:\/\/hemme.es\/de\/wp-json\/wp\/v2\/pages\/1593","targetHints":{"allow":["GET"]}}],"collection":[{"href":"https:\/\/hemme.es\/de\/wp-json\/wp\/v2\/pages"}],"about":[{"href":"https:\/\/hemme.es\/de\/wp-json\/wp\/v2\/types\/page"}],"author":[{"embeddable":true,"href":"https:\/\/hemme.es\/de\/wp-json\/wp\/v2\/users\/1"}],"replies":[{"embeddable":true,"href":"https:\/\/hemme.es\/de\/wp-json\/wp\/v2\/comments?post=1593"}],"version-history":[{"count":2,"href":"https:\/\/hemme.es\/de\/wp-json\/wp\/v2\/pages\/1593\/revisions"}],"predecessor-version":[{"id":1595,"href":"https:\/\/hemme.es\/de\/wp-json\/wp\/v2\/pages\/1593\/revisions\/1595"}],"wp:attachment":[{"href":"https:\/\/hemme.es\/de\/wp-json\/wp\/v2\/media?parent=1593"}],"curies":[{"name":"wp","href":"https:\/\/api.w.org\/{rel}","templated":true}]}}