{"id":1495,"date":"2024-04-19T14:22:14","date_gmt":"2024-04-19T12:22:14","guid":{"rendered":"https:\/\/hemme.es\/politica-de-privacidad\/"},"modified":"2025-01-30T15:54:38","modified_gmt":"2025-01-30T14:54:38","slug":"datenschutzrichtlinie","status":"publish","type":"page","link":"https:\/\/hemme.es\/de\/datenschutzrichtlinie\/","title":{"rendered":"Datenschutzrichtlinie"},"content":{"rendered":"<p>Durch diese Mitteilung \u00fcbermittelt Hemme Construcciones SL. mit Sitz in Avd.de la Constituci\u00f3n 113, 1\u00ba, 1\u00aa,46009 Valencia und E-Mail-Adresse <a href=\"mailto:ofertas@hemme.es\">ofertas@hemme.es<\/a> informiert die Benutzer der Website <a href=\"http:\/\/www.hemme.es\">www.hemme.es<\/a> \u00fcber ihre Datenschutzpolitik pers\u00f6nlich, so dass die Benutzer frei und freiwillig entscheiden k\u00f6nnen ob Sie Hemme Construcciones die erforderlichen personenbezogenen Daten bei der Anmeldung, Registrierung oder beim Ausf\u00fcllen eines Online-Datenformulars bzw. beim Senden einer E-Mail zur Verf\u00fcgung stellen m\u00f6chten. Hemme Construcciones beh\u00e4lt sich das Recht vor, diese Datenschutzrichtlinie zu \u00e4ndern, um sie an die aktuelle Datenschutzgesetzgebung anzupassen. In solchen F\u00e4llen wird Hemme Construcciones die auf dieser Website vorgenommenen \u00c4nderungen mit angemessener Vorank\u00fcndigung ihrer Umsetzung bekannt geben.<br \/>\nDer Besuch dieser Website verpflichtet den Nutzer nicht dazu, hier\u00fcber Angaben zu machen. F\u00fcr den Fall, dass der Benutzer pers\u00f6nliche Informationen zur Verf\u00fcgung stellt, werden die auf dieser Website gesammelten Daten fair und rechtm\u00e4\u00dfig behandelt, vorbehaltlich der Grunds\u00e4tze und Rechte des Organgesetzes 15\/1999 vom 13. Dezember zum Schutz personenbezogener Daten. Daten (LOPD) und andere Durchf\u00fchrungsbestimmungen.<\/p>\n<p><strong>Recht auf Auskunft<\/strong><br \/>\nGem\u00e4\u00df Art. 5 des LOPD informieren wir Sie dar\u00fcber, dass die von Ihnen bereitgestellten personenbezogenen Daten Teil einer automatisierten Datei von Hemme Construcciones SL werden, dem einzigen Empf\u00e4nger der Informationen, mit dem Zweck, Immobilieninformationen bereitzustellen, Werbekampagnen zu den vom Unternehmen angebotenen Immobilien- und Immobilienmaklerdiensten. Sie k\u00f6nnen Ihr Recht auf Zugriff, Berichtigung, L\u00f6schung oder Widerspruch jederzeit aus\u00fcben, indem Sie eine E-Mail an <a href=\"mailto:ofertas@hemme.es\">ofertas@hemme.es<\/a> senden oder einen Brief an Avenida de la Constituci\u00f3n 113 1\u00ba,1\u00aa, 46009 Valencia schicken.<\/p>\n<p><strong>Informierte Einwilligung<\/strong><br \/>\nFolglich erkl\u00e4ren sich Benutzer, die auf dieser Website personenbezogene Daten angeben, ausdr\u00fccklich mit deren Aufnahme in die automatisierten Dateien einverstanden, f\u00fcr die Hemme Construcciones zu den oben ausdr\u00fccklich genannten Zwecken verantwortlich ist.<\/p>\n<p><strong>Das Prinzip der Datenqualit\u00e4t<\/strong><br \/>\nDie von den Nutzern bereitgestellten personenbezogenen Daten sind korrekt und aktuell, sodass sie die aktuelle Situation der betroffenen Partei wahrheitsgetreu widerspiegeln. Der Benutzer muss daher f\u00fcr die Richtigkeit und Genauigkeit der bereitgestellten personenbezogenen Daten verantwortlich sein und etwaige k\u00fcnftige \u00c4nderungen dieser Daten mitteilen.<br \/>\nHemme Construcciones l\u00f6scht die erhobenen personenbezogenen Daten, wenn diese f\u00fcr die Zwecke, f\u00fcr die sie erhoben oder gespeichert wurden, nicht mehr erforderlich oder relevant sind. Die L\u00f6schung hat eine Sperrung der Daten zur Folge, die ausschlie\u00dflich f\u00fcr \u00f6ffentliche Verwaltungen, Richter und Gerichte zur Verf\u00fcgung gehalten werden, um etwaigen aus der Verarbeitung entstehenden Verpflichtungen w\u00e4hrend der Verj\u00e4hrungsfrist nachkommen zu k\u00f6nnen. Nach Ablauf der vorgenannten Frist werden Ihre personenbezogenen Daten gel\u00f6scht.<\/p>\n<p><strong>Das Prinzip der Datensicherheit.<\/strong><br \/>\nHemme Construcciones hat alle notwendigen technischen und organisatorischen Ma\u00dfnahmen ergriffen, um die Sicherheit personenbezogener Daten zu gew\u00e4hrleisten und deren Ver\u00e4nderung, Verlust, Verarbeitung oder unbefugten Zugriff zu verhindern. Das gew\u00e4hlte Sicherheitsniveau steht im Einklang mit der Art der \u00fcbermittelten personenbezogenen Daten.<\/p>\n<p><strong>Die Verwendung von Cookies.<\/strong><br \/>\nCookies sind kleine Datendateien oder Zeichenfolgen, die beim Zugriff auf die Seiten bestimmter Websites auf der Festplatte oder im tempor\u00e4ren Speicher des Computers des Benutzers gespeichert werden. Sie werden verwendet, damit der aufgerufene Server die Pr\u00e4ferenzen des Benutzers erkennen kann, wenn dieser sich erneut verbindet.<br \/>\nDer Zugriff auf diese Website kann die Verwendung von Cookies beinhalten, die dazu dienen, das Anzeigen der Website zu erleichtern und Werbung oder bestimmte Inhalte oder Informationen bereitzustellen, die f\u00fcr den Benutzer von Interesse sind.<br \/>\nDie eingesetzten Cookies k\u00f6nnen keine von anderen Anbietern erstellten Cookie-Dateien lesen. Der Nutzer hat die M\u00f6glichkeit, seinen Browser so einzustellen, dass er \u00fcber den Empfang von Cookies per Bildschirm informiert wird und die Installation von Cookies auf seiner Festplatte zu verhindern. Hierzu muss der Benutzer f\u00fcr weitere Informationen die Anweisungen und Handb\u00fccher seines Browsers zu Rate ziehen.<br \/>\nKein Cookie erm\u00f6glicht es, Informationen von der Festplatte des Benutzers zu extrahieren oder auf pers\u00f6nliche Daten zuzugreifen. Sie verkn\u00fcpfen lediglich den Browser eines bestimmten Computers mit einem anonymen Code. Die privaten Daten eines Benutzers k\u00f6nnen nur dann Teil einer Cookie-Datei werden, wenn der Benutzer diese Daten pers\u00f6nlich an den Server \u00fcbermittelt.<\/p>\n<p>Das Versenden kommerzieller Mitteilungen per E-Mail oder anderen gleichwertigen elektronischen Kommunikationsmitteln.<br \/>\nDa die E-Mail-Adresse des Benutzers ein pers\u00f6nliches Datum ist, wenn sie seine Identifizierung erm\u00f6glicht, erm\u00e4chtigt der Benutzer Hemme Construcciones durch die Erfassung dieser Adresse im Online-Datenformular ausdr\u00fccklich, diese f\u00fcr die Zusendung von Informationen und kommerziellen oder Werbemitteilungen \u00fcber unsere Immobilien und Immobilien zu verarbeiten. Immobilienmaklerdienste. Diesen Mitteilungen wird am Anfang der Nachricht das Wort \u201eWerbung\u201c vorangestellt, und sie werden Hemme Construcciones eindeutig identifizieren. Sie k\u00f6nnen Ihre Einwilligung zum Erhalt kommerzieller Mitteilungen jedoch jederzeit widerrufen, indem Sie uns einfach eine E-Mail an die Adresse ofertas@hemme.es senden oder das entsprechende Kontrollk\u00e4stchen aktivieren, um den Erhalt von Werbung abzulehnen.<\/p>\n<p><strong>Kontaktformular und kommerzielle Informationen<\/strong><br \/>\nIn \u00dcbereinstimmung mit den Vorschriften zum Schutz personenbezogener Daten informieren wir Sie dar\u00fcber, dass die von Ihnen erhobenen personenbezogenen Daten in eine Datei aufgenommen werden, deren Eigentum \u201eHemme Construcciones, SL.\u201c, mit C.I.F., ist. B-97898720, und eingetragener Firmensitz in Avd.de la Constituci\u00f3n 113, 1\u00ba,1\u00aa 46009 Valencia<br \/>\nDie Datenverarbeitung basiert auf Ihrer Einwilligung, die Sie durch Anklicken des K\u00e4stchens \u201eIch akzeptiere die Datenschutzrichtlinie\u201c erteilen. Sie erkl\u00e4ren sich folglich damit einverstanden, dass die Datenerhebung die folgenden Zwecke erf\u00fcllt: Verwaltung des Kontaktformulars; erm\u00f6glichen die Zusendung kommerzieller Informationen zu Werbeaktionen, Angeboten und Dienstleistungen.<br \/>\nWir informieren Sie dar\u00fcber, dass Sie folgende Rechte aus\u00fcben k\u00f6nnen: Zugriff, Berichtigung, L\u00f6schung, Einschr\u00e4nkung, Portabilit\u00e4t, Widerspruch, Einreichung einer Beschwerde bei einer Aufsichtsbeh\u00f6rde und Widerruf der Einwilligung jederzeit per Brief unter Beif\u00fcgung einer Fotokopie Ihrer NIF\/NIE. \/Reisepass an die oben angegebene Postanschrift; (Hinweis: Bis zum Inkrafttreten der Verordnung (25. Mai 2018) k\u00f6nnen nur die Rechte auf Zugriff, Berichtigung, L\u00f6schung und Widerspruch ausge\u00fcbt werden.)<\/p>\n<p>Wir informieren Sie au\u00dferdem dar\u00fcber, dass sie so lange aufbewahrt werden, wie die Beziehung zwischen den Parteien besteht oder f\u00fcr die Jahre, die zur Erf\u00fcllung gesetzlicher Verpflichtungen erforderlich sind.<\/p>\n","protected":false},"excerpt":{"rendered":"<p>Durch diese Mitteilung \u00fcbermittelt Hemme Construcciones SL. mit Sitz in Avd.de la Constituci\u00f3n 113, 1\u00ba, 1\u00aa,46009 Valencia und E-Mail-Adresse ofertas@hemme.es informiert die Benutzer der Website www.hemme.es \u00fcber ihre Datenschutzpolitik pers\u00f6nlich, so dass die Benutzer frei und freiwillig entscheiden k\u00f6nnen ob Sie Hemme Construcciones die erforderlichen personenbezogenen Daten bei der Anmeldung, Registrierung oder beim Ausf\u00fcllen eines [&hellip;]<\/p>\n","protected":false},"author":1,"featured_media":0,"parent":0,"menu_order":0,"comment_status":"closed","ping_status":"closed","template":"","meta":{"_acf_changed":false,"_et_pb_use_builder":"","_et_pb_old_content":"","_et_gb_content_width":"","footnotes":""},"class_list":["post-1495","page","type-page","status-publish","hentry"],"acf":[],"_links":{"self":[{"href":"https:\/\/hemme.es\/de\/wp-json\/wp\/v2\/pages\/1495","targetHints":{"allow":["GET"]}}],"collection":[{"href":"https:\/\/hemme.es\/de\/wp-json\/wp\/v2\/pages"}],"about":[{"href":"https:\/\/hemme.es\/de\/wp-json\/wp\/v2\/types\/page"}],"author":[{"embeddable":true,"href":"https:\/\/hemme.es\/de\/wp-json\/wp\/v2\/users\/1"}],"replies":[{"embeddable":true,"href":"https:\/\/hemme.es\/de\/wp-json\/wp\/v2\/comments?post=1495"}],"version-history":[{"count":3,"href":"https:\/\/hemme.es\/de\/wp-json\/wp\/v2\/pages\/1495\/revisions"}],"predecessor-version":[{"id":1503,"href":"https:\/\/hemme.es\/de\/wp-json\/wp\/v2\/pages\/1495\/revisions\/1503"}],"wp:attachment":[{"href":"https:\/\/hemme.es\/de\/wp-json\/wp\/v2\/media?parent=1495"}],"curies":[{"name":"wp","href":"https:\/\/api.w.org\/{rel}","templated":true}]}}